{"id":1809,"date":"2023-05-18T09:39:11","date_gmt":"2023-05-18T09:39:11","guid":{"rendered":"https:\/\/pishrochem.com\/blog\/?page_id=1809"},"modified":"2023-05-22T14:13:02","modified_gmt":"2023-05-22T14:13:02","slug":"anasayfa","status":"publish","type":"page","link":"https:\/\/www.pishrochem.com\/blog\/tr\/","title":{"rendered":"Anasayfa"},"content":{"rendered":"\t\t<div data-elementor-type=\"wp-page\" data-elementor-id=\"1809\" class=\"elementor elementor-1809\">\n\t\t\t\t\t\t<section class=\"has_ae_slider elementor-section elementor-top-section elementor-element elementor-element-cdb3dd2 elementor-section-boxed elementor-section-height-default elementor-section-height-default ae-bg-gallery-type-default\" data-id=\"cdb3dd2\" data-element_type=\"section\" data-e-type=\"section\">\n\t\t\t\t\t\t<div class=\"elementor-container elementor-column-gap-default\">\n\t\t\t\t\t<div class=\"has_ae_slider elementor-column elementor-col-100 elementor-top-column elementor-element elementor-element-99fb063 ae-bg-gallery-type-default\" data-id=\"99fb063\" data-element_type=\"column\" data-e-type=\"column\">\n\t\t\t<div class=\"elementor-widget-wrap elementor-element-populated\">\n\t\t\t\t\t\t<div class=\"elementor-element elementor-element-d45bd0a elementor-widget elementor-widget-heading\" data-id=\"d45bd0a\" data-element_type=\"widget\" data-e-type=\"widget\" data-widget_type=\"heading.default\">\n\t\t\t\t<div class=\"elementor-widget-container\">\n\t\t\t\t\t<h2 class=\"elementor-heading-title elementor-size-default\">Nesne<\/h2>\t\t\t\t<\/div>\n\t\t\t\t<\/div>\n\t\t\t\t<div class=\"elementor-element elementor-element-95e3645 elementor-grid-3 elementor-grid-tablet-2 elementor-grid-mobile-1 elementor-posts--thumbnail-top elementor-widget elementor-widget-posts\" data-id=\"95e3645\" data-element_type=\"widget\" data-e-type=\"widget\" data-settings=\"{&quot;classic_columns&quot;:&quot;3&quot;,&quot;classic_columns_tablet&quot;:&quot;2&quot;,&quot;classic_columns_mobile&quot;:&quot;1&quot;,&quot;classic_row_gap&quot;:{&quot;unit&quot;:&quot;px&quot;,&quot;size&quot;:35,&quot;sizes&quot;:[]},&quot;classic_row_gap_tablet&quot;:{&quot;unit&quot;:&quot;px&quot;,&quot;size&quot;:&quot;&quot;,&quot;sizes&quot;:[]},&quot;classic_row_gap_mobile&quot;:{&quot;unit&quot;:&quot;px&quot;,&quot;size&quot;:&quot;&quot;,&quot;sizes&quot;:[]}}\" data-widget_type=\"posts.classic\">\n\t\t\t\t<div class=\"elementor-widget-container\">\n\t\t\t\t\t\t\t<div class=\"elementor-posts-container elementor-posts elementor-posts--skin-classic elementor-grid\">\n\t\t\t\t<article class=\"elementor-post elementor-grid-item post-6825 post type-post status-publish format-standard hentry category-urunler\">\n\t\t\t\t<div class=\"elementor-post__text\">\n\t\t\t\t<h3 class=\"elementor-post__title\">\n\t\t\t<a href=\"https:\/\/www.pishrochem.com\/blog\/tr\/pvc-granul-nedir-ve-hangi-alanlarda-kullanilir\/\" >\n\t\t\t\tPVC Gran\u00fcl Nedir ve Hangi Alanlarda Kullan\u0131l\u0131r?\t\t\t<\/a>\n\t\t<\/h3>\n\t\t\t\t<div class=\"elementor-post__meta-data\">\n\t\t\t\t\t<span class=\"elementor-post-date\">\n\t\t\tFebruary 22, 2026\t\t<\/span>\n\t\t\t\t<\/div>\n\t\t\t\t<div class=\"elementor-post__excerpt\">\n\t\t\t<p>PVC gran\u00fcl, petrokimya end\u00fcstrileri taraf\u0131ndan \u00fcretilen polivinil klor\u00fcr polimerinin tane formunda ve i\u015flenmeye haz\u0131r haline verilen isimdir. Bu gran\u00fcller homojen, ta\u015f\u0131nabilir ve \u00fcretim hatlar\u0131nda do\u011frudan<\/p>\n\t\t<\/div>\n\t\t\n\t\t<a class=\"elementor-post__read-more\" href=\"https:\/\/www.pishrochem.com\/blog\/tr\/pvc-granul-nedir-ve-hangi-alanlarda-kullanilir\/\" aria-label=\"Read more about PVC Gran\u00fcl Nedir ve Hangi Alanlarda Kullan\u0131l\u0131r?\" >\n\t\t\tDevam\u0131n\u0131 oku \u00bb\t\t<\/a>\n\n\t\t\t\t<\/div>\n\t\t\t\t<\/article>\n\t\t\t\t<article class=\"elementor-post elementor-grid-item post-6757 post type-post status-publish format-standard hentry category-urunler\">\n\t\t\t\t<div class=\"elementor-post__text\">\n\t\t\t\t<h3 class=\"elementor-post__title\">\n\t\t\t<a href=\"https:\/\/www.pishrochem.com\/blog\/tr\/ftalatlarin-polietilen-tereftalat-siselerden-iceceklere-migrasyonu\/\" >\n\t\t\t\tFtalatlar\u0131n polietilen tereftalat \u015fi\u015felerden i\u00e7eceklere migrasyonu\t\t\t<\/a>\n\t\t<\/h3>\n\t\t\t\t<div class=\"elementor-post__meta-data\">\n\t\t\t\t\t<span class=\"elementor-post-date\">\n\t\t\tFebruary 14, 2026\t\t<\/span>\n\t\t\t\t<\/div>\n\t\t\t\t<div class=\"elementor-post__excerpt\">\n\t\t\t<p>Son y\u0131llarda, g\u00fcnl\u00fck ya\u015famda plastiklerin yayg\u0131n kullan\u0131m\u0131 ve insanlar\u0131n bu plastiklerin hormonal sistemi etkileyen zararl\u0131 bile\u015fenleriyle temas\u0131 b\u00fcy\u00fck bir endi\u015fe kayna\u011f\u0131 haline gelmi\u015ftir. Endokrin bozucu<\/p>\n\t\t<\/div>\n\t\t\n\t\t<a class=\"elementor-post__read-more\" href=\"https:\/\/www.pishrochem.com\/blog\/tr\/ftalatlarin-polietilen-tereftalat-siselerden-iceceklere-migrasyonu\/\" aria-label=\"Read more about Ftalatlar\u0131n polietilen tereftalat \u015fi\u015felerden i\u00e7eceklere migrasyonu\" >\n\t\t\tDevam\u0131n\u0131 oku \u00bb\t\t<\/a>\n\n\t\t\t\t<\/div>\n\t\t\t\t<\/article>\n\t\t\t\t<article class=\"elementor-post elementor-grid-item post-6722 post type-post status-publish format-standard hentry category-urunler\">\n\t\t\t\t<div class=\"elementor-post__text\">\n\t\t\t\t<h3 class=\"elementor-post__title\">\n\t\t\t<a href=\"https:\/\/www.pishrochem.com\/blog\/tr\/stearik-asidin-organik-cozuculerde-cozunurlugunun-incelenmesi\/\" >\n\t\t\t\tStearik Asidin Organik \u00c7\u00f6z\u00fcc\u00fclerde \u00c7\u00f6z\u00fcn\u00fcrl\u00fc\u011f\u00fcn\u00fcn \u0130ncelenmesi ve \u0130deal Olmayan Termodinamik Modeller ile Tahmini\t\t\t<\/a>\n\t\t<\/h3>\n\t\t\t\t<div class=\"elementor-post__meta-data\">\n\t\t\t\t\t<span class=\"elementor-post-date\">\n\t\t\tFebruary 11, 2026\t\t<\/span>\n\t\t\t\t<\/div>\n\t\t\t\t<div class=\"elementor-post__excerpt\">\n\t\t\t<p>Stearik asit, sabun \u00fcretimi, kozmetik ve ki\u015fisel bak\u0131m \u00fcr\u00fcnleri, ya\u011flay\u0131c\u0131lar ve polimer katk\u0131 maddeleri gibi bir\u00e7ok end\u00fcstriyel alanda yayg\u0131n olarak kullan\u0131lan doymu\u015f ya\u011f asitlerinden biridir<\/p>\n\t\t<\/div>\n\t\t\n\t\t<a class=\"elementor-post__read-more\" href=\"https:\/\/www.pishrochem.com\/blog\/tr\/stearik-asidin-organik-cozuculerde-cozunurlugunun-incelenmesi\/\" aria-label=\"Read more about Stearik Asidin Organik \u00c7\u00f6z\u00fcc\u00fclerde \u00c7\u00f6z\u00fcn\u00fcrl\u00fc\u011f\u00fcn\u00fcn \u0130ncelenmesi ve \u0130deal Olmayan Termodinamik Modeller ile Tahmini\" >\n\t\t\tDevam\u0131n\u0131 oku \u00bb\t\t<\/a>\n\n\t\t\t\t<\/div>\n\t\t\t\t<\/article>\n\t\t\t\t<article class=\"elementor-post elementor-grid-item post-6701 post type-post status-publish format-standard hentry category-urunler\">\n\t\t\t\t<div class=\"elementor-post__text\">\n\t\t\t\t<h3 class=\"elementor-post__title\">\n\t\t\t<a href=\"https:\/\/www.pishrochem.com\/blog\/tr\/renkli-masterbatch-uretim-sureci-plastik-masterbatch-uretimi\/\" >\n\t\t\t\tRenkli Masterbatch \u00dcretim S\u00fcreci | Plastik Masterbatch \u00dcretimi\t\t\t<\/a>\n\t\t<\/h3>\n\t\t\t\t<div class=\"elementor-post__meta-data\">\n\t\t\t\t\t<span class=\"elementor-post-date\">\n\t\t\tJanuary 5, 2026\t\t<\/span>\n\t\t\t\t<\/div>\n\t\t\t\t<div class=\"elementor-post__excerpt\">\n\t\t\t<p>Renkli ve katk\u0131 masterbatch \u00fcr\u00fcnlerinin en b\u00fcy\u00fck avantaj\u0131, ham polimerlerin ekonomik \u015fekilde renklendirilmesini sa\u011flamas\u0131d\u0131r. Bu \u00f6zellik, plastik ve polimer sanayisinde masterbatch kullan\u0131m\u0131n\u0131 vazge\u00e7ilmez hale getirir.<\/p>\n\t\t<\/div>\n\t\t\n\t\t<a class=\"elementor-post__read-more\" href=\"https:\/\/www.pishrochem.com\/blog\/tr\/renkli-masterbatch-uretim-sureci-plastik-masterbatch-uretimi\/\" aria-label=\"Read more about Renkli Masterbatch \u00dcretim S\u00fcreci | Plastik Masterbatch \u00dcretimi\" >\n\t\t\tDevam\u0131n\u0131 oku \u00bb\t\t<\/a>\n\n\t\t\t\t<\/div>\n\t\t\t\t<\/article>\n\t\t\t\t<article class=\"elementor-post elementor-grid-item post-6678 post type-post status-publish format-standard hentry category-urunler\">\n\t\t\t\t<div class=\"elementor-post__text\">\n\t\t\t\t<h3 class=\"elementor-post__title\">\n\t\t\t<a href=\"https:\/\/www.pishrochem.com\/blog\/tr\/nanopartikuller-ilac-tasima-sistemlerinde-ve-modern-teknolojilerde-donusum\/\" >\n\t\t\t\tNanopartik\u00fcller: \u0130la\u00e7 Ta\u015f\u0131ma Sistemlerinde ve Modern Teknolojilerde D\u00f6n\u00fc\u015f\u00fcm\t\t\t<\/a>\n\t\t<\/h3>\n\t\t\t\t<div class=\"elementor-post__meta-data\">\n\t\t\t\t\t<span class=\"elementor-post-date\">\n\t\t\tDecember 25, 2025\t\t<\/span>\n\t\t\t\t<\/div>\n\t\t\t\t<div class=\"elementor-post__excerpt\">\n\t\t\t<p>Son y\u0131llarda nanoteknoloji, eczac\u0131l\u0131k, malzeme m\u00fchendisli\u011fi, biyoloji ve fizik gibi farkl\u0131 disiplinlerdeki ara\u015ft\u0131rmac\u0131lar\u0131n dikkatini \u00e7eken en ilgi \u00e7ekici bilimsel alanlardan biri h\u00e2line gelmi\u015ftir. Bu teknolojinin<\/p>\n\t\t<\/div>\n\t\t\n\t\t<a class=\"elementor-post__read-more\" href=\"https:\/\/www.pishrochem.com\/blog\/tr\/nanopartikuller-ilac-tasima-sistemlerinde-ve-modern-teknolojilerde-donusum\/\" aria-label=\"Read more about Nanopartik\u00fcller: \u0130la\u00e7 Ta\u015f\u0131ma Sistemlerinde ve Modern Teknolojilerde D\u00f6n\u00fc\u015f\u00fcm\" >\n\t\t\tDevam\u0131n\u0131 oku \u00bb\t\t<\/a>\n\n\t\t\t\t<\/div>\n\t\t\t\t<\/article>\n\t\t\t\t<article class=\"elementor-post elementor-grid-item post-6653 post type-post status-publish format-standard hentry category-urunler\">\n\t\t\t\t<div class=\"elementor-post__text\">\n\t\t\t\t<h3 class=\"elementor-post__title\">\n\t\t\t<a href=\"https:\/\/www.pishrochem.com\/blog\/tr\/ftalat-icermeyen-plastiklestiricilerin-ortaya-cikisi-insan-sagligi-uzerindeki-ciddi-riskler-ve-cevresel-etkiler\/\" >\n\t\t\t\tFtalat \u0130\u00e7ermeyen Plastikle\u015ftiricilerin Ortaya \u00c7\u0131k\u0131\u015f\u0131: \u0130nsan Sa\u011fl\u0131\u011f\u0131 \u00dczerindeki Ciddi Riskler ve \u00c7evresel Etkiler\t\t\t<\/a>\n\t\t<\/h3>\n\t\t\t\t<div class=\"elementor-post__meta-data\">\n\t\t\t\t\t<span class=\"elementor-post-date\">\n\t\t\tDecember 22, 2025\t\t<\/span>\n\t\t\t\t<\/div>\n\t\t\t\t<div class=\"elementor-post__excerpt\">\n\t\t\t<p>Plastikler, yayg\u0131n olarak kullan\u0131lan malzemeler aras\u0131nda yer almakta olup, sentetik ve yar\u0131 sentetik maddeleri kapsamaktad\u0131r. Plastik katk\u0131 maddeleri (Plastic Additives), \u00f6zellikle de plastikle\u015ftiriciler (Plasticizers), plastik<\/p>\n\t\t<\/div>\n\t\t\n\t\t<a class=\"elementor-post__read-more\" href=\"https:\/\/www.pishrochem.com\/blog\/tr\/ftalat-icermeyen-plastiklestiricilerin-ortaya-cikisi-insan-sagligi-uzerindeki-ciddi-riskler-ve-cevresel-etkiler\/\" aria-label=\"Read more about Ftalat \u0130\u00e7ermeyen Plastikle\u015ftiricilerin Ortaya \u00c7\u0131k\u0131\u015f\u0131: \u0130nsan Sa\u011fl\u0131\u011f\u0131 \u00dczerindeki Ciddi Riskler ve \u00c7evresel Etkiler\" >\n\t\t\tDevam\u0131n\u0131 oku \u00bb\t\t<\/a>\n\n\t\t\t\t<\/div>\n\t\t\t\t<\/article>\n\t\t\t\t<\/div>\n\t\t\n\t\t\t\t\t\t<\/div>\n\t\t\t\t<\/div>\n\t\t\t\t<div class=\"elementor-element elementor-element-fbacef0 elementor-widget elementor-widget-heading\" data-id=\"fbacef0\" data-element_type=\"widget\" data-e-type=\"widget\" data-widget_type=\"heading.default\">\n\t\t\t\t<div class=\"elementor-widget-container\">\n\t\t\t\t\t<h2 class=\"elementor-heading-title elementor-size-default\">Pi\u015fro\u015fimi Haberleri<\/h2>\t\t\t\t<\/div>\n\t\t\t\t<\/div>\n\t\t\t\t<div class=\"elementor-element elementor-element-af32248 elementor-grid-3 elementor-grid-tablet-2 elementor-grid-mobile-1 elementor-posts--thumbnail-top elementor-widget elementor-widget-posts\" data-id=\"af32248\" data-element_type=\"widget\" data-e-type=\"widget\" data-settings=\"{&quot;classic_columns&quot;:&quot;3&quot;,&quot;classic_columns_tablet&quot;:&quot;2&quot;,&quot;classic_columns_mobile&quot;:&quot;1&quot;,&quot;classic_row_gap&quot;:{&quot;unit&quot;:&quot;px&quot;,&quot;size&quot;:35,&quot;sizes&quot;:[]},&quot;classic_row_gap_tablet&quot;:{&quot;unit&quot;:&quot;px&quot;,&quot;size&quot;:&quot;&quot;,&quot;sizes&quot;:[]},&quot;classic_row_gap_mobile&quot;:{&quot;unit&quot;:&quot;px&quot;,&quot;size&quot;:&quot;&quot;,&quot;sizes&quot;:[]}}\" data-widget_type=\"posts.classic\">\n\t\t\t\t<div class=\"elementor-widget-container\">\n\t\t\t\t\t\t\t<div class=\"elementor-posts-container elementor-posts elementor-posts--skin-classic elementor-grid\">\n\t\t\t\t<article class=\"elementor-post elementor-grid-item post-6034 post type-post status-publish format-standard has-post-thumbnail hentry category-haberler-tr category-pak-haberleri\">\n\t\t\t\t<a class=\"elementor-post__thumbnail__link\" href=\"https:\/\/www.pishrochem.com\/blog\/tr\/pakchemical-doviz-kisitlamalari-polimer-ham-maddelerinin-tedarikinde-zorluklar\/\" >\n\t\t\t<div class=\"elementor-post__thumbnail\"><img fetchpriority=\"high\" decoding=\"async\" width=\"370\" height=\"280\" src=\"https:\/\/www.pishrochem.com\/blog\/wp-content\/uploads\/2025\/03\/\u067e\u0627\u06a9-\u0634\u06cc\u0645\u06cc-768x432-1-3-370x280.jpg\" class=\"attachment-business-kit-services size-business-kit-services wp-image-6045\" alt=\"\" \/><\/div>\n\t\t<\/a>\n\t\t\t\t<div class=\"elementor-post__text\">\n\t\t\t\t<h3 class=\"elementor-post__title\">\n\t\t\t<a href=\"https:\/\/www.pishrochem.com\/blog\/tr\/pakchemical-doviz-kisitlamalari-polimer-ham-maddelerinin-tedarikinde-zorluklar\/\" >\n\t\t\t\tPakchemical: D\u00f6viz k\u0131s\u0131tlamalar\u0131, polimer ham maddelerinin tedarikinde zorluklar.\t\t\t<\/a>\n\t\t<\/h3>\n\t\t\t\t<div class=\"elementor-post__meta-data\">\n\t\t\t\t\t<span class=\"elementor-post-date\">\n\t\t\tMarch 4, 2025\t\t<\/span>\n\t\t\t\t<\/div>\n\t\t\t\t<div class=\"elementor-post__excerpt\">\n\t\t\t<p>\u00dcretim ve Ekonomi Haber Ajans\u0131 (TolidOnline)&#8217;na g\u00f6re, bilgi temelli \u015firket Pakchemical\u2019in CEO\u2019su M\u00fchendis Morteza Bisheh, 18. Uluslararas\u0131 \u0130ran Plast Fuar\u0131\u2019n\u0131n oturum aralar\u0131nda muhabirimize \u015firketin faaliyetleri<\/p>\n\t\t<\/div>\n\t\t\n\t\t<a class=\"elementor-post__read-more\" href=\"https:\/\/www.pishrochem.com\/blog\/tr\/pakchemical-doviz-kisitlamalari-polimer-ham-maddelerinin-tedarikinde-zorluklar\/\" aria-label=\"Read more about Pakchemical: D\u00f6viz k\u0131s\u0131tlamalar\u0131, polimer ham maddelerinin tedarikinde zorluklar.\" >\n\t\t\tDevam\u0131n\u0131 oku \u00bb\t\t<\/a>\n\n\t\t\t\t<\/div>\n\t\t\t\t<\/article>\n\t\t\t\t<article class=\"elementor-post elementor-grid-item post-6032 post type-post status-publish format-standard has-post-thumbnail hentry category-haberler-tr category-pak-haberleri\">\n\t\t\t\t<a class=\"elementor-post__thumbnail__link\" href=\"https:\/\/www.pishrochem.com\/blog\/tr\/bir-baska-onur-cevre-dostu-urunlerle-polimer-endustrisinin-ilerlemesinde\/\" >\n\t\t\t<div class=\"elementor-post__thumbnail\"><img decoding=\"async\" width=\"370\" height=\"280\" src=\"https:\/\/www.pishrochem.com\/blog\/wp-content\/uploads\/2025\/03\/WhatsApp-Image-2024-11-04-at-13.39.41-2-370x280.jpeg\" class=\"attachment-business-kit-services size-business-kit-services wp-image-6046\" alt=\"\" \/><\/div>\n\t\t<\/a>\n\t\t\t\t<div class=\"elementor-post__text\">\n\t\t\t\t<h3 class=\"elementor-post__title\">\n\t\t\t<a href=\"https:\/\/www.pishrochem.com\/blog\/tr\/bir-baska-onur-cevre-dostu-urunlerle-polimer-endustrisinin-ilerlemesinde\/\" >\n\t\t\t\tBir ba\u015fka onur, \u00e7evre dostu \u00fcr\u00fcnlerle polimer end\u00fcstrisinin ilerlemesinde.\t\t\t<\/a>\n\t\t<\/h3>\n\t\t\t\t<div class=\"elementor-post__meta-data\">\n\t\t\t\t\t<span class=\"elementor-post-date\">\n\t\t\tMarch 4, 2025\t\t<\/span>\n\t\t\t\t<\/div>\n\t\t\t\t<div class=\"elementor-post__excerpt\">\n\t\t\t\t\t<\/div>\n\t\t\n\t\t<a class=\"elementor-post__read-more\" href=\"https:\/\/www.pishrochem.com\/blog\/tr\/bir-baska-onur-cevre-dostu-urunlerle-polimer-endustrisinin-ilerlemesinde\/\" aria-label=\"Read more about Bir ba\u015fka onur, \u00e7evre dostu \u00fcr\u00fcnlerle polimer end\u00fcstrisinin ilerlemesinde.\" >\n\t\t\tDevam\u0131n\u0131 oku \u00bb\t\t<\/a>\n\n\t\t\t\t<\/div>\n\t\t\t\t<\/article>\n\t\t\t\t<\/div>\n\t\t\n\t\t\t\t\t\t<\/div>\n\t\t\t\t<\/div>\n\t\t\t\t\t<\/div>\n\t\t<\/div>\n\t\t\t\t\t<\/div>\n\t\t<\/section>\n\t\t\t\t<\/div>\n\t\t","protected":false},"excerpt":{"rendered":"<p>Nesne Pi\u015fro\u015fimi Haberleri<\/p>\n","protected":false},"author":1,"featured_media":0,"parent":0,"menu_order":0,"comment_status":"closed","ping_status":"closed","template":"","meta":{"footnotes":""},"class_list":["post-1809","page","type-page","status-publish","hentry"],"yoast_head":"<!-- This site is optimized with the Yoast SEO Premium plugin v20.7 (Yoast SEO v27.5) - https:\/\/yoast.com\/product\/yoast-seo-premium-wordpress\/ -->\n<title>Anasayfa | Pishrochem<\/title>\n<meta name=\"description\" content=\"Nesne   Pi\u015fro\u015fimi Haberleri\" \/>\n<meta name=\"robots\" content=\"index, follow, max-snippet:-1, max-image-preview:large, max-video-preview:-1\" \/>\n<link rel=\"canonical\" href=\"https:\/\/www.pishrochem.com\/blog\/tr\/\" \/>\n<meta property=\"og:locale\" content=\"en_US\" \/>\n<meta property=\"og:type\" content=\"article\" \/>\n<meta property=\"og:title\" content=\"Anasayfa\" \/>\n<meta property=\"og:description\" content=\"Nesne   Pi\u015fro\u015fimi Haberleri\" \/>\n<meta property=\"og:url\" content=\"https:\/\/www.pishrochem.com\/blog\/tr\/\" \/>\n<meta property=\"og:site_name\" content=\"Pishrochem\" \/>\n<meta property=\"article:modified_time\" content=\"2023-05-22T14:13:02+00:00\" \/>\n<meta name=\"twitter:card\" content=\"summary_large_image\" \/>\n<meta name=\"twitter:label1\" content=\"Est. reading time\" \/>\n\t<meta name=\"twitter:data1\" content=\"1 minute\" \/>\n<script type=\"application\/ld+json\" class=\"yoast-schema-graph\">{\"@context\":\"https:\\\/\\\/schema.org\",\"@graph\":[{\"@type\":\"WebPage\",\"@id\":\"https:\\\/\\\/www.pishrochem.com\\\/blog\\\/tr\\\/\",\"url\":\"https:\\\/\\\/www.pishrochem.com\\\/blog\\\/tr\\\/\",\"name\":\"Anasayfa | Pishrochem\",\"isPartOf\":{\"@id\":\"https:\\\/\\\/www.pishrochem.com\\\/blog\\\/#website\"},\"datePublished\":\"2023-05-18T09:39:11+00:00\",\"dateModified\":\"2023-05-22T14:13:02+00:00\",\"description\":\"Nesne Pi\u015fro\u015fimi Haberleri\",\"breadcrumb\":{\"@id\":\"https:\\\/\\\/www.pishrochem.com\\\/blog\\\/tr\\\/#breadcrumb\"},\"inLanguage\":\"en-US\",\"potentialAction\":[{\"@type\":\"ReadAction\",\"target\":[\"https:\\\/\\\/www.pishrochem.com\\\/blog\\\/tr\\\/\"]}]},{\"@type\":\"BreadcrumbList\",\"@id\":\"https:\\\/\\\/www.pishrochem.com\\\/blog\\\/tr\\\/#breadcrumb\",\"itemListElement\":[{\"@type\":\"ListItem\",\"position\":1,\"name\":\"Home\",\"item\":\"https:\\\/\\\/pishrochem.com\\\/blog\\\/fa\\\/\"},{\"@type\":\"ListItem\",\"position\":2,\"name\":\"Anasayfa\"}]},{\"@type\":\"WebSite\",\"@id\":\"https:\\\/\\\/www.pishrochem.com\\\/blog\\\/#website\",\"url\":\"https:\\\/\\\/www.pishrochem.com\\\/blog\\\/\",\"name\":\"Pishrochem\",\"description\":\"Just another WordPress site\",\"publisher\":{\"@id\":\"https:\\\/\\\/www.pishrochem.com\\\/blog\\\/#organization\"},\"potentialAction\":[{\"@type\":\"SearchAction\",\"target\":{\"@type\":\"EntryPoint\",\"urlTemplate\":\"https:\\\/\\\/www.pishrochem.com\\\/blog\\\/?s={search_term_string}\"},\"query-input\":{\"@type\":\"PropertyValueSpecification\",\"valueRequired\":true,\"valueName\":\"search_term_string\"}}],\"inLanguage\":\"en-US\"},{\"@type\":\"Organization\",\"@id\":\"https:\\\/\\\/www.pishrochem.com\\\/blog\\\/#organization\",\"name\":\"Pishrochem | \u067e\u06cc\u0634\u0631\u0648\u0634\u06cc\u0645\u06cc\",\"url\":\"https:\\\/\\\/www.pishrochem.com\\\/blog\\\/\",\"logo\":{\"@type\":\"ImageObject\",\"inLanguage\":\"en-US\",\"@id\":\"https:\\\/\\\/www.pishrochem.com\\\/blog\\\/#\\\/schema\\\/logo\\\/image\\\/\",\"url\":\"https:\\\/\\\/www.pishrochem.com\\\/blog\\\/wp-content\\\/uploads\\\/2022\\\/11\\\/cropped-Pak-Chemical-Co..png\",\"contentUrl\":\"https:\\\/\\\/www.pishrochem.com\\\/blog\\\/wp-content\\\/uploads\\\/2022\\\/11\\\/cropped-Pak-Chemical-Co..png\",\"width\":240,\"height\":240,\"caption\":\"Pishrochem | \u067e\u06cc\u0634\u0631\u0648\u0634\u06cc\u0645\u06cc\"},\"image\":{\"@id\":\"https:\\\/\\\/www.pishrochem.com\\\/blog\\\/#\\\/schema\\\/logo\\\/image\\\/\"},\"sameAs\":[\"https:\\\/\\\/www.linkedin.com\\\/in\\\/pishro-chemical-391374129\\\/\",\"https:\\\/\\\/www.pinterest.ca\\\/candouforpishro\\\/\",\"https:\\\/\\\/www.youtube.com\\\/channel\\\/UCp2xh8tfHa0n9IacYwRsOqg\",\"https:\\\/\\\/www.youtube.com\\\/channel\\\/UCnirLiNTRQY_GD_w5Qrm3Rg\"]}]}<\/script>\n<!-- \/ Yoast SEO Premium plugin. -->","yoast_head_json":{"title":"Anasayfa | Pishrochem","description":"Nesne   Pi\u015fro\u015fimi Haberleri","robots":{"index":"index","follow":"follow","max-snippet":"max-snippet:-1","max-image-preview":"max-image-preview:large","max-video-preview":"max-video-preview:-1"},"canonical":"https:\/\/www.pishrochem.com\/blog\/tr\/","og_locale":"en_US","og_type":"article","og_title":"Anasayfa","og_description":"Nesne   Pi\u015fro\u015fimi Haberleri","og_url":"https:\/\/www.pishrochem.com\/blog\/tr\/","og_site_name":"Pishrochem","article_modified_time":"2023-05-22T14:13:02+00:00","twitter_card":"summary_large_image","twitter_misc":{"Est. reading time":"1 minute"},"schema":{"@context":"https:\/\/schema.org","@graph":[{"@type":"WebPage","@id":"https:\/\/www.pishrochem.com\/blog\/tr\/","url":"https:\/\/www.pishrochem.com\/blog\/tr\/","name":"Anasayfa | Pishrochem","isPartOf":{"@id":"https:\/\/www.pishrochem.com\/blog\/#website"},"datePublished":"2023-05-18T09:39:11+00:00","dateModified":"2023-05-22T14:13:02+00:00","description":"Nesne Pi\u015fro\u015fimi Haberleri","breadcrumb":{"@id":"https:\/\/www.pishrochem.com\/blog\/tr\/#breadcrumb"},"inLanguage":"en-US","potentialAction":[{"@type":"ReadAction","target":["https:\/\/www.pishrochem.com\/blog\/tr\/"]}]},{"@type":"BreadcrumbList","@id":"https:\/\/www.pishrochem.com\/blog\/tr\/#breadcrumb","itemListElement":[{"@type":"ListItem","position":1,"name":"Home","item":"https:\/\/pishrochem.com\/blog\/fa\/"},{"@type":"ListItem","position":2,"name":"Anasayfa"}]},{"@type":"WebSite","@id":"https:\/\/www.pishrochem.com\/blog\/#website","url":"https:\/\/www.pishrochem.com\/blog\/","name":"Pishrochem","description":"Just another WordPress site","publisher":{"@id":"https:\/\/www.pishrochem.com\/blog\/#organization"},"potentialAction":[{"@type":"SearchAction","target":{"@type":"EntryPoint","urlTemplate":"https:\/\/www.pishrochem.com\/blog\/?s={search_term_string}"},"query-input":{"@type":"PropertyValueSpecification","valueRequired":true,"valueName":"search_term_string"}}],"inLanguage":"en-US"},{"@type":"Organization","@id":"https:\/\/www.pishrochem.com\/blog\/#organization","name":"Pishrochem | \u067e\u06cc\u0634\u0631\u0648\u0634\u06cc\u0645\u06cc","url":"https:\/\/www.pishrochem.com\/blog\/","logo":{"@type":"ImageObject","inLanguage":"en-US","@id":"https:\/\/www.pishrochem.com\/blog\/#\/schema\/logo\/image\/","url":"https:\/\/www.pishrochem.com\/blog\/wp-content\/uploads\/2022\/11\/cropped-Pak-Chemical-Co..png","contentUrl":"https:\/\/www.pishrochem.com\/blog\/wp-content\/uploads\/2022\/11\/cropped-Pak-Chemical-Co..png","width":240,"height":240,"caption":"Pishrochem | \u067e\u06cc\u0634\u0631\u0648\u0634\u06cc\u0645\u06cc"},"image":{"@id":"https:\/\/www.pishrochem.com\/blog\/#\/schema\/logo\/image\/"},"sameAs":["https:\/\/www.linkedin.com\/in\/pishro-chemical-391374129\/","https:\/\/www.pinterest.ca\/candouforpishro\/","https:\/\/www.youtube.com\/channel\/UCp2xh8tfHa0n9IacYwRsOqg","https:\/\/www.youtube.com\/channel\/UCnirLiNTRQY_GD_w5Qrm3Rg"]}]}},"_links":{"self":[{"href":"https:\/\/www.pishrochem.com\/blog\/wp-json\/wp\/v2\/pages\/1809","targetHints":{"allow":["GET"]}}],"collection":[{"href":"https:\/\/www.pishrochem.com\/blog\/wp-json\/wp\/v2\/pages"}],"about":[{"href":"https:\/\/www.pishrochem.com\/blog\/wp-json\/wp\/v2\/types\/page"}],"author":[{"embeddable":true,"href":"https:\/\/www.pishrochem.com\/blog\/wp-json\/wp\/v2\/users\/1"}],"replies":[{"embeddable":true,"href":"https:\/\/www.pishrochem.com\/blog\/wp-json\/wp\/v2\/comments?post=1809"}],"version-history":[{"count":10,"href":"https:\/\/www.pishrochem.com\/blog\/wp-json\/wp\/v2\/pages\/1809\/revisions"}],"predecessor-version":[{"id":1929,"href":"https:\/\/www.pishrochem.com\/blog\/wp-json\/wp\/v2\/pages\/1809\/revisions\/1929"}],"wp:attachment":[{"href":"https:\/\/www.pishrochem.com\/blog\/wp-json\/wp\/v2\/media?parent=1809"}],"curies":[{"name":"wp","href":"https:\/\/api.w.org\/{rel}","templated":true}]}}